{"id":176,"date":"2019-11-28T13:43:48","date_gmt":"2019-11-28T12:43:48","guid":{"rendered":"http:\/\/www.ra-trapp.com\/?page_id=176"},"modified":"2019-11-28T13:43:49","modified_gmt":"2019-11-28T12:43:49","slug":"compliance-risiken","status":"publish","type":"page","link":"https:\/\/www.ra-trapp.com\/index.php\/compliance-risiken\/","title":{"rendered":"Compliance-Risiken"},"content":{"rendered":"\n<ul><li>Bewertung von Rechts\u00e4nderungen (Rechtsmonitoring)<\/li><li>Workshops zur Methodik \/ Technik der szenariobasierten Compliance-Risikoanalyse<\/li><li>Implementierung einer regelm\u00e4\u00dfigen, szenariobasierten Compliance-Risikoanalyse als Grundlage f\u00fcr strategische Entscheidungen<\/li><\/ul>\n","protected":false},"excerpt":{"rendered":"<p>Bewertung von Rechts\u00e4nderungen (Rechtsmonitoring) Workshops zur Methodik \/ Technik der szenariobasierten Compliance-Risikoanalyse Implementierung einer regelm\u00e4\u00dfigen, szenariobasierten Compliance-Risikoanalyse als Grundlage f\u00fcr strategische Entscheidungen<\/p>\n","protected":false},"author":1,"featured_media":0,"parent":0,"menu_order":0,"comment_status":"closed","ping_status":"closed","template":"","meta":{"inline_featured_image":false},"_links":{"self":[{"href":"https:\/\/www.ra-trapp.com\/index.php\/wp-json\/wp\/v2\/pages\/176"}],"collection":[{"href":"https:\/\/www.ra-trapp.com\/index.php\/wp-json\/wp\/v2\/pages"}],"about":[{"href":"https:\/\/www.ra-trapp.com\/index.php\/wp-json\/wp\/v2\/types\/page"}],"author":[{"embeddable":true,"href":"https:\/\/www.ra-trapp.com\/index.php\/wp-json\/wp\/v2\/users\/1"}],"replies":[{"embeddable":true,"href":"https:\/\/www.ra-trapp.com\/index.php\/wp-json\/wp\/v2\/comments?post=176"}],"version-history":[{"count":1,"href":"https:\/\/www.ra-trapp.com\/index.php\/wp-json\/wp\/v2\/pages\/176\/revisions"}],"predecessor-version":[{"id":177,"href":"https:\/\/www.ra-trapp.com\/index.php\/wp-json\/wp\/v2\/pages\/176\/revisions\/177"}],"wp:attachment":[{"href":"https:\/\/www.ra-trapp.com\/index.php\/wp-json\/wp\/v2\/media?parent=176"}],"curies":[{"name":"wp","href":"https:\/\/api.w.org\/{rel}","templated":true}]}}