{"id":178,"date":"2019-11-28T13:43:26","date_gmt":"2019-11-28T12:43:26","guid":{"rendered":"http:\/\/www.ra-trapp.com\/?page_id=178"},"modified":"2019-11-28T13:43:26","modified_gmt":"2019-11-28T12:43:26","slug":"compliance-ziele-strategie-und-governance","status":"publish","type":"page","link":"https:\/\/www.ra-trapp.com\/index.php\/compliance-ziele-strategie-und-governance\/","title":{"rendered":"Compliance- Ziele, -Strategie und -Governance"},"content":{"rendered":"\n<p>Beratung der Unternehmensleitung <\/p>\n\n\n\n<ul><li>bei der Festlegung relevanter Compliance-Ziele und <\/li><li>einer effektiven Strategie zu deren Einhaltung.<\/li><\/ul>\n\n\n\n<p> Empfehlung <\/p>\n\n\n\n<ul><li>angemessener Organisationsstrukturen und <\/li><li>Verantwortlichkeiten.<\/li><\/ul>\n\n\n\n<p>Zusammen mit den zust\u00e4ndigen Fach- und F\u00fchrungskr\u00e4ften<\/p>\n\n\n\n<ul><li>Ableitung zentraler Ma\u00dfnahmen zur Steuerung der Compliance-Risiken<\/li><\/ul>\n","protected":false},"excerpt":{"rendered":"<p>Beratung der Unternehmensleitung bei der Festlegung relevanter Compliance-Ziele und einer effektiven Strategie zu deren Einhaltung. Empfehlung angemessener Organisationsstrukturen und Verantwortlichkeiten. Zusammen mit den zust\u00e4ndigen Fach- und F\u00fchrungskr\u00e4ften Ableitung zentraler Ma\u00dfnahmen zur Steuerung der Compliance-Risiken<\/p>\n","protected":false},"author":1,"featured_media":0,"parent":0,"menu_order":0,"comment_status":"closed","ping_status":"closed","template":"","meta":{"inline_featured_image":false},"_links":{"self":[{"href":"https:\/\/www.ra-trapp.com\/index.php\/wp-json\/wp\/v2\/pages\/178"}],"collection":[{"href":"https:\/\/www.ra-trapp.com\/index.php\/wp-json\/wp\/v2\/pages"}],"about":[{"href":"https:\/\/www.ra-trapp.com\/index.php\/wp-json\/wp\/v2\/types\/page"}],"author":[{"embeddable":true,"href":"https:\/\/www.ra-trapp.com\/index.php\/wp-json\/wp\/v2\/users\/1"}],"replies":[{"embeddable":true,"href":"https:\/\/www.ra-trapp.com\/index.php\/wp-json\/wp\/v2\/comments?post=178"}],"version-history":[{"count":2,"href":"https:\/\/www.ra-trapp.com\/index.php\/wp-json\/wp\/v2\/pages\/178\/revisions"}],"predecessor-version":[{"id":180,"href":"https:\/\/www.ra-trapp.com\/index.php\/wp-json\/wp\/v2\/pages\/178\/revisions\/180"}],"wp:attachment":[{"href":"https:\/\/www.ra-trapp.com\/index.php\/wp-json\/wp\/v2\/media?parent=178"}],"curies":[{"name":"wp","href":"https:\/\/api.w.org\/{rel}","templated":true}]}}