{"id":181,"date":"2019-11-28T13:43:38","date_gmt":"2019-11-28T12:43:38","guid":{"rendered":"http:\/\/www.ra-trapp.com\/?page_id=181"},"modified":"2021-09-02T12:46:12","modified_gmt":"2021-09-02T10:46:12","slug":"compliance-organisation-internes-kontrollsystem-hinweisgebersystem","status":"publish","type":"page","link":"https:\/\/www.ra-trapp.com\/index.php\/compliance-organisation-internes-kontrollsystem-hinweisgebersystem\/","title":{"rendered":"Compliance-Organisation, internes Kontrollsystem, Hinweisgebersystem"},"content":{"rendered":"\n<ul><li>Angemessenheit der personellen und technisch-organisatorischen Ausstattung der Compliance-Organisation<\/li><li>Implementierung eines angemessenen internen Kontrollsystems<\/li><li><a href=\"https:\/\/www.ra-trapp.com\/index.php\/compliance-organisation-internes-kontrollsystem-hinweisgebersystem\/ein-whistleblowersystem-planen\/\">Einrichtung eines anonymen Meldesystems<\/a> (f\u00fcr interne und externe Whistleblower) einschlie\u00dflich der Festlegung von Abl\u00e4ufen zur Bewertung von und zum Umgang mit eingehenden Hinweisen<\/li><li>\u00dcbernahme der Funktion als <a href=\"https:\/\/www.ra-trapp.com\/index.php\/ombudsmann-im-hinweisgebersystem\/\">Ombudsmann<\/a> f\u00fcr Whistleblower<\/li><\/ul>\n\n\n\n<p><\/p>\n","protected":false},"excerpt":{"rendered":"<p>Angemessenheit der personellen und technisch-organisatorischen Ausstattung der Compliance-Organisation Implementierung eines angemessenen internen Kontrollsystems Einrichtung eines anonymen Meldesystems (f\u00fcr interne und externe Whistleblower) einschlie\u00dflich der Festlegung von Abl\u00e4ufen zur Bewertung von und zum Umgang mit eingehenden Hinweisen \u00dcbernahme der Funktion als Ombudsmann f\u00fcr Whistleblower<\/p>\n","protected":false},"author":1,"featured_media":0,"parent":0,"menu_order":0,"comment_status":"closed","ping_status":"closed","template":"","meta":{"inline_featured_image":false},"_links":{"self":[{"href":"https:\/\/www.ra-trapp.com\/index.php\/wp-json\/wp\/v2\/pages\/181"}],"collection":[{"href":"https:\/\/www.ra-trapp.com\/index.php\/wp-json\/wp\/v2\/pages"}],"about":[{"href":"https:\/\/www.ra-trapp.com\/index.php\/wp-json\/wp\/v2\/types\/page"}],"author":[{"embeddable":true,"href":"https:\/\/www.ra-trapp.com\/index.php\/wp-json\/wp\/v2\/users\/1"}],"replies":[{"embeddable":true,"href":"https:\/\/www.ra-trapp.com\/index.php\/wp-json\/wp\/v2\/comments?post=181"}],"version-history":[{"count":5,"href":"https:\/\/www.ra-trapp.com\/index.php\/wp-json\/wp\/v2\/pages\/181\/revisions"}],"predecessor-version":[{"id":597,"href":"https:\/\/www.ra-trapp.com\/index.php\/wp-json\/wp\/v2\/pages\/181\/revisions\/597"}],"wp:attachment":[{"href":"https:\/\/www.ra-trapp.com\/index.php\/wp-json\/wp\/v2\/media?parent=181"}],"curies":[{"name":"wp","href":"https:\/\/api.w.org\/{rel}","templated":true}]}}