{"id":183,"date":"2019-11-28T13:43:19","date_gmt":"2019-11-28T12:43:19","guid":{"rendered":"http:\/\/www.ra-trapp.com\/?page_id=183"},"modified":"2019-11-28T13:43:19","modified_gmt":"2019-11-28T12:43:19","slug":"compliance-programm-und-richtlinien","status":"publish","type":"page","link":"https:\/\/www.ra-trapp.com\/index.php\/compliance-programm-und-richtlinien\/","title":{"rendered":"Compliance-Programm und -Richtlinien"},"content":{"rendered":"\n<ul><li>Darstellung und schriftliche Fixierung des individuellen Compliance-Programms<\/li><li>Schriftliche Fixierung eines angemessenen Verhaltenskodex<\/li><li>Erarbeitung von Verhaltensrichtlinien (z.B. Richtlinie zum Umgang mit Geschenken und Zuwendungen oder Antikorruptionsrichtlinie)<\/li><li>Gesch\u00e4ftspartnerpr\u00fcfung zur risikogerechten Steuerung der Gesch\u00e4ftsbeziehung durch Systematisierung der sorgf\u00e4ltigen Auswahl von Gesch\u00e4ftspartnern anhand von Checklisten, Red Flags etc.<\/li><li>Unterst\u00fctzung bei der Gestaltung von Betriebs- bzw. Dienstvereinbarungen zu<\/li><li>Compliance-Regelungen (Datenschutz, Compliance-\u00dcberwachung, Interne Ermittlungen)<\/li><\/ul>\n","protected":false},"excerpt":{"rendered":"<p>Darstellung und schriftliche Fixierung des individuellen Compliance-Programms Schriftliche Fixierung eines angemessenen Verhaltenskodex Erarbeitung von Verhaltensrichtlinien (z.B. Richtlinie zum Umgang mit Geschenken und Zuwendungen oder Antikorruptionsrichtlinie) Gesch\u00e4ftspartnerpr\u00fcfung zur risikogerechten Steuerung der Gesch\u00e4ftsbeziehung durch Systematisierung der sorgf\u00e4ltigen Auswahl von Gesch\u00e4ftspartnern anhand von Checklisten, Red Flags etc. Unterst\u00fctzung bei der Gestaltung von Betriebs- bzw. Dienstvereinbarungen zu Compliance-Regelungen (Datenschutz, <a class=\"more-link\" href=\"https:\/\/www.ra-trapp.com\/index.php\/compliance-programm-und-richtlinien\/\">weiterlesen&#8230;<\/a><\/p>\n","protected":false},"author":1,"featured_media":0,"parent":0,"menu_order":0,"comment_status":"closed","ping_status":"closed","template":"","meta":{"inline_featured_image":false},"_links":{"self":[{"href":"https:\/\/www.ra-trapp.com\/index.php\/wp-json\/wp\/v2\/pages\/183"}],"collection":[{"href":"https:\/\/www.ra-trapp.com\/index.php\/wp-json\/wp\/v2\/pages"}],"about":[{"href":"https:\/\/www.ra-trapp.com\/index.php\/wp-json\/wp\/v2\/types\/page"}],"author":[{"embeddable":true,"href":"https:\/\/www.ra-trapp.com\/index.php\/wp-json\/wp\/v2\/users\/1"}],"replies":[{"embeddable":true,"href":"https:\/\/www.ra-trapp.com\/index.php\/wp-json\/wp\/v2\/comments?post=183"}],"version-history":[{"count":2,"href":"https:\/\/www.ra-trapp.com\/index.php\/wp-json\/wp\/v2\/pages\/183\/revisions"}],"predecessor-version":[{"id":185,"href":"https:\/\/www.ra-trapp.com\/index.php\/wp-json\/wp\/v2\/pages\/183\/revisions\/185"}],"wp:attachment":[{"href":"https:\/\/www.ra-trapp.com\/index.php\/wp-json\/wp\/v2\/media?parent=183"}],"curies":[{"name":"wp","href":"https:\/\/api.w.org\/{rel}","templated":true}]}}