{"id":186,"date":"2019-11-28T13:43:07","date_gmt":"2019-11-28T12:43:07","guid":{"rendered":"http:\/\/www.ra-trapp.com\/?page_id=186"},"modified":"2020-09-08T14:27:21","modified_gmt":"2020-09-08T12:27:21","slug":"compliance-kommunikation-schulungen-und-berichtswesen","status":"publish","type":"page","link":"https:\/\/www.ra-trapp.com\/index.php\/compliance-kommunikation-schulungen-und-berichtswesen\/","title":{"rendered":"Compliance-Kommunikation, -Schulungen und Berichtswesen"},"content":{"rendered":"\n<ul><li>Interne und externe Kommunikation zu Compliance, Grunds\u00e4tzen und Richtlinien<\/li><li><a href=\"https:\/\/www.ra-trapp.com\/index.php\/2020\/09\/08\/compliance-kommunikation\/\">Schulung<\/a> von Unternehmensleitung, Aufsichtsorgan, F\u00fchrungskr\u00e4ften und Mitarbeitern<\/li><li>Einrichtung der erforderlichen Berichterstattung (intern und extern)<\/li><\/ul>\n","protected":false},"excerpt":{"rendered":"<p>Interne und externe Kommunikation zu Compliance, Grunds\u00e4tzen und Richtlinien Schulung von Unternehmensleitung, Aufsichtsorgan, F\u00fchrungskr\u00e4ften und Mitarbeitern Einrichtung der erforderlichen Berichterstattung (intern und extern)<\/p>\n","protected":false},"author":1,"featured_media":0,"parent":0,"menu_order":0,"comment_status":"closed","ping_status":"closed","template":"","meta":{"inline_featured_image":false},"_links":{"self":[{"href":"https:\/\/www.ra-trapp.com\/index.php\/wp-json\/wp\/v2\/pages\/186"}],"collection":[{"href":"https:\/\/www.ra-trapp.com\/index.php\/wp-json\/wp\/v2\/pages"}],"about":[{"href":"https:\/\/www.ra-trapp.com\/index.php\/wp-json\/wp\/v2\/types\/page"}],"author":[{"embeddable":true,"href":"https:\/\/www.ra-trapp.com\/index.php\/wp-json\/wp\/v2\/users\/1"}],"replies":[{"embeddable":true,"href":"https:\/\/www.ra-trapp.com\/index.php\/wp-json\/wp\/v2\/comments?post=186"}],"version-history":[{"count":2,"href":"https:\/\/www.ra-trapp.com\/index.php\/wp-json\/wp\/v2\/pages\/186\/revisions"}],"predecessor-version":[{"id":369,"href":"https:\/\/www.ra-trapp.com\/index.php\/wp-json\/wp\/v2\/pages\/186\/revisions\/369"}],"wp:attachment":[{"href":"https:\/\/www.ra-trapp.com\/index.php\/wp-json\/wp\/v2\/media?parent=186"}],"curies":[{"name":"wp","href":"https:\/\/api.w.org\/{rel}","templated":true}]}}