{"id":188,"date":"2019-11-28T13:42:59","date_gmt":"2019-11-28T12:42:59","guid":{"rendered":"http:\/\/www.ra-trapp.com\/?page_id=188"},"modified":"2019-11-28T13:42:59","modified_gmt":"2019-11-28T12:42:59","slug":"compliance-ueberwachung-und-verbesserung","status":"publish","type":"page","link":"https:\/\/www.ra-trapp.com\/index.php\/compliance-ueberwachung-und-verbesserung\/","title":{"rendered":"Compliance-\u00dcberwachung und -Verbesserung"},"content":{"rendered":"\n<ul><li>Risikobasierte Ableitung von prozessunabh\u00e4ngigen Kontrollen im Rahmen der F\u00fchrungsaufgabe sowie \u00dcberwachungshandlungen seitens Compliance zur Gew\u00e4hrleistung der laufenden Wirksamkeit des internen Kontrollsystems<\/li><li>Dokumentation der prozessimmanenten und prozessunabh\u00e4ngigen Kontrollen einschlie\u00dflich deren Durchf\u00fchrung sowie Berichterstattung bei Defiziten und Verst\u00f6\u00dfen<\/li><\/ul>\n","protected":false},"excerpt":{"rendered":"<p>Risikobasierte Ableitung von prozessunabh\u00e4ngigen Kontrollen im Rahmen der F\u00fchrungsaufgabe sowie \u00dcberwachungshandlungen seitens Compliance zur Gew\u00e4hrleistung der laufenden Wirksamkeit des internen Kontrollsystems Dokumentation der prozessimmanenten und prozessunabh\u00e4ngigen Kontrollen einschlie\u00dflich deren Durchf\u00fchrung sowie Berichterstattung bei Defiziten und Verst\u00f6\u00dfen<\/p>\n","protected":false},"author":1,"featured_media":0,"parent":0,"menu_order":0,"comment_status":"closed","ping_status":"closed","template":"","meta":{"inline_featured_image":false},"_links":{"self":[{"href":"https:\/\/www.ra-trapp.com\/index.php\/wp-json\/wp\/v2\/pages\/188"}],"collection":[{"href":"https:\/\/www.ra-trapp.com\/index.php\/wp-json\/wp\/v2\/pages"}],"about":[{"href":"https:\/\/www.ra-trapp.com\/index.php\/wp-json\/wp\/v2\/types\/page"}],"author":[{"embeddable":true,"href":"https:\/\/www.ra-trapp.com\/index.php\/wp-json\/wp\/v2\/users\/1"}],"replies":[{"embeddable":true,"href":"https:\/\/www.ra-trapp.com\/index.php\/wp-json\/wp\/v2\/comments?post=188"}],"version-history":[{"count":1,"href":"https:\/\/www.ra-trapp.com\/index.php\/wp-json\/wp\/v2\/pages\/188\/revisions"}],"predecessor-version":[{"id":189,"href":"https:\/\/www.ra-trapp.com\/index.php\/wp-json\/wp\/v2\/pages\/188\/revisions\/189"}],"wp:attachment":[{"href":"https:\/\/www.ra-trapp.com\/index.php\/wp-json\/wp\/v2\/media?parent=188"}],"curies":[{"name":"wp","href":"https:\/\/api.w.org\/{rel}","templated":true}]}}