{"id":2,"date":"2019-11-03T09:29:21","date_gmt":"2019-11-03T09:29:21","guid":{"rendered":"http:\/\/deneir.intern.ra-trapp.net\/?page_id=2"},"modified":"2021-02-25T15:39:26","modified_gmt":"2021-02-25T14:39:26","slug":"sample-page","status":"publish","type":"page","link":"https:\/\/www.ra-trapp.com\/","title":{"rendered":"Andreas Trapp"},"content":{"rendered":"\n<div class=\"wp-block-columns has-2-columns\">\n<div class=\"wp-block-column\">\n<figure class=\"wp-block-image\"><img loading=\"lazy\" width=\"709\" height=\"1024\" src=\"http:\/\/ra-trapp.com\/wp-content\/uploads\/2019\/11\/Trapp_Andreas-022-709x1024.jpg\" alt=\"\" class=\"wp-image-18\" srcset=\"https:\/\/www.ra-trapp.com\/wp-content\/uploads\/2019\/11\/Trapp_Andreas-022.jpg 709w, https:\/\/www.ra-trapp.com\/wp-content\/uploads\/2019\/11\/Trapp_Andreas-022-208x300.jpg 208w\" sizes=\"(max-width: 709px) 100vw, 709px\" \/><figcaption>Andreas Trapp<\/figcaption><\/figure>\n<\/div>\n\n\n\n<div class=\"wp-block-column\">\n<p>Geboren am 25.02.1970 in Simmern (Hunsr\u00fcck)<\/p>\n\n\n\n<p>Studium an der <a href=\"http:\/\/www.uni-passau.de\/\">Universit\u00e4t Passau<\/a><\/p>\n\n\n\n<p>Zulassung zur Rechtsanwaltschaft 15. Dezember 1997  <\/p>\n\n\n\n<p>Von 1997 bis 2015 Syndikusrechtsanwalt bei einem der gro\u00dfen, international t\u00e4tigen \u00f6ffentlich-rechtlichen Kreditinstitute.<\/p>\n\n\n\n<p>Bis 2019 Head of Compliance einer Sparkasse.<\/p>\n\n\n\n<p>Seit 2019 selbst\u00e4ndig.<\/p>\n<\/div>\n<\/div>\n\n\n\n<p><\/p>\n","protected":false},"excerpt":{"rendered":"<p>Geboren am 25.02.1970 in Simmern (Hunsr\u00fcck) Studium an der Universit\u00e4t Passau Zulassung zur Rechtsanwaltschaft 15. Dezember 1997 Von 1997 bis 2015 Syndikusrechtsanwalt bei einem der gro\u00dfen, international t\u00e4tigen \u00f6ffentlich-rechtlichen Kreditinstitute. Bis 2019 Head of Compliance einer Sparkasse. Seit 2019 selbst\u00e4ndig.<\/p>\n","protected":false},"author":1,"featured_media":18,"parent":0,"menu_order":0,"comment_status":"closed","ping_status":"open","template":"","meta":{"inline_featured_image":false},"_links":{"self":[{"href":"https:\/\/www.ra-trapp.com\/index.php\/wp-json\/wp\/v2\/pages\/2"}],"collection":[{"href":"https:\/\/www.ra-trapp.com\/index.php\/wp-json\/wp\/v2\/pages"}],"about":[{"href":"https:\/\/www.ra-trapp.com\/index.php\/wp-json\/wp\/v2\/types\/page"}],"author":[{"embeddable":true,"href":"https:\/\/www.ra-trapp.com\/index.php\/wp-json\/wp\/v2\/users\/1"}],"replies":[{"embeddable":true,"href":"https:\/\/www.ra-trapp.com\/index.php\/wp-json\/wp\/v2\/comments?post=2"}],"version-history":[{"count":15,"href":"https:\/\/www.ra-trapp.com\/index.php\/wp-json\/wp\/v2\/pages\/2\/revisions"}],"predecessor-version":[{"id":385,"href":"https:\/\/www.ra-trapp.com\/index.php\/wp-json\/wp\/v2\/pages\/2\/revisions\/385"}],"wp:featuredmedia":[{"embeddable":true,"href":"https:\/\/www.ra-trapp.com\/index.php\/wp-json\/wp\/v2\/media\/18"}],"wp:attachment":[{"href":"https:\/\/www.ra-trapp.com\/index.php\/wp-json\/wp\/v2\/media?parent=2"}],"curies":[{"name":"wp","href":"https:\/\/api.w.org\/{rel}","templated":true}]}}