{"id":25,"date":"2019-11-03T14:01:22","date_gmt":"2019-11-03T13:01:22","guid":{"rendered":"http:\/\/ra-trapp.com\/?page_id=25"},"modified":"2021-04-06T12:23:02","modified_gmt":"2021-04-06T10:23:02","slug":"compliance","status":"publish","type":"page","link":"https:\/\/www.ra-trapp.com\/index.php\/compliance\/","title":{"rendered":"Compliance"},"content":{"rendered":"\n<p>Wenn von <a href=\"http:\/\/www.compliance-risk-management.eu\/2020\/03\/compliance-begriff\/\">Compliance <\/a>die Rede ist, geht es um die Einhaltung von Regeln und Gesetzen. Das <a href=\"http:\/\/www.ra-trapp.com\/index.php\/management\/\">Management<\/a> des <a href=\"http:\/\/www.ra-trapp.com\/index.php\/risk\/\">Risikos<\/a> von Non-Compliance wird immer wichtiger, weil die Folgen von Verst\u00f6\u00dfen Unternehmen immer st\u00e4rker treffen, und zwar in Form von<\/p>\n\n\n\n<ul><li>Schadensersatz,<\/li><li>Bu\u00dfgeld,<\/li><li>Haftung und<\/li><li>Reputationsverlust!<\/li><\/ul>\n\n\n\n<p><a href=\"https:\/\/www.ra-trapp.com\/wp-content\/uploads\/2020\/10\/Was_ist_Compliance.pdf\">Moderne Compliance setzt dabei weder auf B\u00fcrokratie noch auf trickreiche rechtliche Gestaltung, sondern auf gute, wertebasierte Unternehmensf\u00fchrung.<\/a> Modernes Compliancemanagement ist im Idealfall gleichzeitig effektiv und effizient. Als integriertes, risikobasiertes System sch\u00fctzt das Compliance Management-System die Gesch\u00e4ftsleitung und das Aufsichtsorgan durch Einhaltung der <a href=\"http:\/\/www.ra-trapp.com\/index.php\/ziele\/\">Compliance-Ziele<\/a> in Umsetzung der Strategie.<\/p>\n\n\n\n<figure class=\"wp-block-image\"><img src=\"https:\/\/www.ra-trapp.com\/wp-content\/uploads\/2020\/01\/ISO-Compliance.svg\" alt=\"\"\/><\/figure>\n\n\n\n<p>Wichtig ist, dass das Management-System Schwerpunkte bei den spezifischen Risiken des Unternehmens setzt. Ebenso wenig, wie die Non-Compliance Risiken statisch sind, darf das Compliance Management-System in eingefahrenen Bahnen operieren. \u00dcberwachung und kontinuierliche Verbesserung stellen sicher, dass die getroffenen Ma\u00dfnahmen wirken. Das System lernt aus seinen erkannten Fehlern und konzentriert die im Rahmen der Strategie bereitgestellten Kapazit\u00e4ten auf die relevanten Brennpunkte.<\/p>\n\n\n\n<p>Wichtig f\u00fcr die Gesch\u00e4ftsleiter und das Aufsichtsorgan ist zudem, dass sie sich regelm\u00e4\u00dfig mit den Compliance-Risiken auseinander setzen k\u00f6nnen. Das Compliance Management-System stellt ihnen addressatengerecht im Rahmen der Kommunikation aussagekr\u00e4ftige Informationen bereit, die eine strategische Steuerung der Risiken bzw. deren \u00dcberwachung erm\u00f6glicht.<\/p>\n","protected":false},"excerpt":{"rendered":"<p>Wenn von Compliance die Rede ist, geht es um die Einhaltung von Regeln und Gesetzen. Das Management des Risikos von Non-Compliance wird immer wichtiger, weil die Folgen von Verst\u00f6\u00dfen Unternehmen immer st\u00e4rker treffen, und zwar in Form von Schadensersatz, Bu\u00dfgeld, Haftung und Reputationsverlust! Moderne Compliance setzt dabei weder auf B\u00fcrokratie noch auf trickreiche rechtliche Gestaltung, <a class=\"more-link\" href=\"https:\/\/www.ra-trapp.com\/index.php\/compliance\/\">weiterlesen&#8230;<\/a><\/p>\n","protected":false},"author":1,"featured_media":117,"parent":0,"menu_order":0,"comment_status":"closed","ping_status":"closed","template":"","meta":{"inline_featured_image":false},"_links":{"self":[{"href":"https:\/\/www.ra-trapp.com\/index.php\/wp-json\/wp\/v2\/pages\/25"}],"collection":[{"href":"https:\/\/www.ra-trapp.com\/index.php\/wp-json\/wp\/v2\/pages"}],"about":[{"href":"https:\/\/www.ra-trapp.com\/index.php\/wp-json\/wp\/v2\/types\/page"}],"author":[{"embeddable":true,"href":"https:\/\/www.ra-trapp.com\/index.php\/wp-json\/wp\/v2\/users\/1"}],"replies":[{"embeddable":true,"href":"https:\/\/www.ra-trapp.com\/index.php\/wp-json\/wp\/v2\/comments?post=25"}],"version-history":[{"count":20,"href":"https:\/\/www.ra-trapp.com\/index.php\/wp-json\/wp\/v2\/pages\/25\/revisions"}],"predecessor-version":[{"id":392,"href":"https:\/\/www.ra-trapp.com\/index.php\/wp-json\/wp\/v2\/pages\/25\/revisions\/392"}],"wp:featuredmedia":[{"embeddable":true,"href":"https:\/\/www.ra-trapp.com\/index.php\/wp-json\/wp\/v2\/media\/117"}],"wp:attachment":[{"href":"https:\/\/www.ra-trapp.com\/index.php\/wp-json\/wp\/v2\/media?parent=25"}],"curies":[{"name":"wp","href":"https:\/\/api.w.org\/{rel}","templated":true}]}}