{"id":28,"date":"2019-11-03T14:10:36","date_gmt":"2019-11-03T13:10:36","guid":{"rendered":"http:\/\/ra-trapp.com\/?page_id=28"},"modified":"2019-12-28T16:56:15","modified_gmt":"2019-12-28T15:56:15","slug":"risk","status":"publish","type":"page","link":"https:\/\/www.ra-trapp.com\/index.php\/risk\/","title":{"rendered":"Risk"},"content":{"rendered":"\n<p>&#8211; zu Deutsch: Risiko &#8211; ist unbeliebt. Kein verantwortungsbewusster Gesch\u00e4ftsf\u00fchrer oder Vorstand l\u00e4sst sich nachsagen, dass er riskante Entscheidungen trifft. Jedenfalls dann nicht, wenn es sich um erhebliche Risiken handelt.<\/p>\n\n\n\n<p>Aber worum geht es genau, wenn ich vom Compliance Risiko (das \u00fcbrigens besser Non-Compliance Risiko genannt werden sollte) spreche? Das m\u00f6chte ich anhand von Unterscheidungen bzw. Gegensatzpaaren erkl\u00e4ren:<\/p>\n\n\n\n<h2>&#8222;Sicherheit&#8220;<\/h2>\n\n\n\n<p>wird h\u00e4ufig genannt, wenn man nach dem Gegenteil von <em>Risiko<\/em> fragt.<\/p>\n\n\n\n<p>Versteht man Sicherheit als <em>Gewissheit<\/em>, dann macht die Unterscheidung Sinn, denn wenn sicher ist, dass ein bestimmtes Ereignis eintreten wird, dann besteht kein Risiko (dass es nicht eintritt).<\/p>\n\n\n\n<p>Ein wesentlicher Aspekt des Risikos ist also die <em>Ungewissheit<\/em>.<\/p>\n\n\n\n<p>Mit Sicherheit ist aber meist etwas anderes gemeint: Wer von \u00f6ffentlicher Sicherheit und Ordnung spricht, will nichts \u00fcber die ungewisse Zukunft aussagen. Er redet \u00fcber Gefahrenabwehr beziehungsweise deren Ziel: Sicherheit. Gemeint ist die Vermeidung von Sch\u00e4den.<\/p>\n\n\n\n<p>Das bringt uns zum zweiten wesentlichen Aspekt des Risikos: Den <em>Schaden<\/em>.<\/p>\n\n\n\n<h2>Gefahr<\/h2>\n\n\n\n<p>und Risiko teilen sich zwei markante Aspekte:<\/p>\n\n\n\n<ol><li>Ungewissheit<\/li><li>Schaden<\/li><\/ol>\n\n\n\n<p>Eine <em>Gefahr<\/em> ist trotzdem etwas anderes, als ein Risiko. Das Leben ist gef\u00e4hrlich. Da kann man nichts machen. Eventuell eintretende Sch\u00e4den muss man selbst tragen. <em>Casum sentit dominus.<\/em><\/p>\n\n\n\n<p>Ein Risiko geht man dagegen ein. Hier stellt sich der Schaden als Folge einer <em>Entscheidung<\/em> dar. Bemerkenswert ist, dass auch das Unterlassen von Pr\u00e4ventionsma\u00dfnahmen auf eine Entscheidung zur\u00fcckgef\u00fchrt werden kann. Hinzu kommt, dass in der modernen Welt sogar das <em>Nicht-Entscheiden<\/em> als Entscheidung gesehen wird.<\/p>\n","protected":false},"excerpt":{"rendered":"<p>&#8211; zu Deutsch: Risiko &#8211; ist unbeliebt. Kein verantwortungsbewusster Gesch\u00e4ftsf\u00fchrer oder Vorstand l\u00e4sst sich nachsagen, dass er riskante Entscheidungen trifft. Jedenfalls dann nicht, wenn es sich um erhebliche Risiken handelt. Aber worum geht es genau, wenn ich vom Compliance Risiko (das \u00fcbrigens besser Non-Compliance Risiko genannt werden sollte) spreche? Das m\u00f6chte ich anhand von Unterscheidungen <a class=\"more-link\" href=\"https:\/\/www.ra-trapp.com\/index.php\/risk\/\">weiterlesen&#8230;<\/a><\/p>\n","protected":false},"author":1,"featured_media":114,"parent":0,"menu_order":0,"comment_status":"closed","ping_status":"closed","template":"","meta":{"inline_featured_image":false},"_links":{"self":[{"href":"https:\/\/www.ra-trapp.com\/index.php\/wp-json\/wp\/v2\/pages\/28"}],"collection":[{"href":"https:\/\/www.ra-trapp.com\/index.php\/wp-json\/wp\/v2\/pages"}],"about":[{"href":"https:\/\/www.ra-trapp.com\/index.php\/wp-json\/wp\/v2\/types\/page"}],"author":[{"embeddable":true,"href":"https:\/\/www.ra-trapp.com\/index.php\/wp-json\/wp\/v2\/users\/1"}],"replies":[{"embeddable":true,"href":"https:\/\/www.ra-trapp.com\/index.php\/wp-json\/wp\/v2\/comments?post=28"}],"version-history":[{"count":6,"href":"https:\/\/www.ra-trapp.com\/index.php\/wp-json\/wp\/v2\/pages\/28\/revisions"}],"predecessor-version":[{"id":346,"href":"https:\/\/www.ra-trapp.com\/index.php\/wp-json\/wp\/v2\/pages\/28\/revisions\/346"}],"wp:featuredmedia":[{"embeddable":true,"href":"https:\/\/www.ra-trapp.com\/index.php\/wp-json\/wp\/v2\/media\/114"}],"wp:attachment":[{"href":"https:\/\/www.ra-trapp.com\/index.php\/wp-json\/wp\/v2\/media?parent=28"}],"curies":[{"name":"wp","href":"https:\/\/api.w.org\/{rel}","templated":true}]}}