{"id":289,"date":"2019-12-03T16:10:54","date_gmt":"2019-12-03T15:10:54","guid":{"rendered":"http:\/\/www.ra-trapp.com\/?page_id=289"},"modified":"2019-12-04T16:28:36","modified_gmt":"2019-12-04T15:28:36","slug":"datenschutzerklaerung","status":"publish","type":"page","link":"https:\/\/www.ra-trapp.com\/index.php\/datenschutzerklaerung\/","title":{"rendered":"Datenschutzerkl\u00e4rung"},"content":{"rendered":"\n<h5>1. Name und Kontaktdaten des f\u00fcr die Verarbeitung Verantwortlichen sowie des betrieblichen Datenschutzbeauftragten<\/h5>\n\n\n\n<p>Diese Datenschutz-Information gilt f\u00fcr die Datenverarbeitung durch<\/p>\n\n\n\n<p style=\"text-align:center\">Andreas Trapp, Rechtsanwalt (Verantwortlicher).<\/p>\n\n\n\n<p>In der Kanzlei sind weniger als 10 Personen besch\u00e4ftigt. Ein \nDatenschutzbeauftragter ist daher nicht notwendig und ist nicht \nbestellt.<\/p>\n\n\n\n<h5>2. Erhebung und Speicherung personenbezogener Daten sowie Art und Zweck von deren Verwendung<\/h5>\n\n\n\n<p>Im Rahmen des Kommunikationsvorgangs mit der Website www.ra-trapp.com werden durch die Client-Software Informationen an den Server \u00fcbermittelt. Einige dieser Informationen werden in einem oder mehreren  Logfiles aufgezeichnet. Dabei handelt es sich um die folgenden Informationen, die im Rahmen der Kommunikation erfasst und bis zur  automatisierten L\u00f6schung gespeichert werden:<\/p>\n\n\n\n<ul><li>IP-Adresse des Netzzugangs \u00fcber den die Client-Software mit dem Server kommuniziert<\/li><li>Datum und Uhrzeit des Zugriffs<\/li><li>URL der durch die Client-Software angeforderten Ressource<\/li><li>soweit der Zugriff \u00fcber eine Website vermittelt wird, die Referrer-URL<\/li><li>seitens der Client-Software \u00fcbermittelte Informationen zum (Browser und Betriebssystem)<\/li><\/ul>\n\n\n\n<p>Diese Informationen werden durch zu folgenden Zwecken verarbeitet:<\/p>\n\n\n\n<ul><li>Abwicklung des Kommunikationsvorgangs,<\/li><li>Gew\u00e4hrleistung der Systemsicherheit und -stabilit\u00e4t,<\/li><li>Administration des Servers, sowie<\/li><li>Verbesserung der Nutzerorientierung des Angebots auf der Website.<\/li><\/ul>\n\n\n\n<p>Die Rechtsgrundlage f\u00fcr die Datenverarbeitung ist Art. 6 Abs. 1 S. 1  lit. f DSGVO. Das berechtigte Interesse folgt aus oben aufgelisteten Zwecken zur Datenerhebung. In keinem Fall verwenden wir die erhobenen Daten zu dem Zweck, R\u00fcckschl\u00fcsse auf Ihre Person zu ziehen.<\/p>\n\n\n\n<h5>3. Weitergabe von Daten<\/h5>\n\n\n\n<p>Eine \u00dcbermittlung Ihrer pers\u00f6nlichen Daten an Dritte zu anderen als den im Folgenden aufgef\u00fchrten Zwecken findet nicht statt.<\/p>\n\n\n\n<p>Wir geben Ihre pers\u00f6nlichen Daten nur an Dritte weiter, wenn:<\/p>\n\n\n\n<ul><li>Sie Ihre nach Art. 6 Abs. 1 S. 1 lit. a DSGVO ausdr\u00fcckliche Einwilligung dazu erteilt haben,<\/li><li>die Weitergabe nach Art. 6 Abs. 1 S. 1 lit. f DSGVO zur \nGeltendmachung, Aus\u00fcbung oder Verteidigung von Rechtsanspr\u00fcchen \nerforderlich ist und kein Grund zur Annahme besteht, dass Sie ein \n\u00fcberwiegendes schutzw\u00fcrdiges Interesse an der Nichtweitergabe Ihrer \nDaten haben,<\/li><li>f\u00fcr den Fall, dass f\u00fcr die Weitergabe nach Art. 6 Abs. 1 S. 1 lit. c DSGVO eine gesetzliche Verpflichtung besteht, sowie<\/li><li>dies gesetzlich zul\u00e4ssig und nach Art. 6 Abs. 1 S. 1 lit. b DSGVO \nf\u00fcr die Abwicklung von Vertragsverh\u00e4ltnissen mit Ihnen erforderlich ist.<\/li><\/ul>\n\n\n\n<h5>4. Widerspruchsrecht<\/h5>\n\n\n\n<p>Sofern Ihre personenbezogenen Daten auf Grundlage von berechtigten \nInteressen gem\u00e4\u00df Art. 6 Abs. 1 S. 1 lit. f DSGVO verarbeitet werden, \nhaben Sie das Recht, gem\u00e4\u00df Art. 21 DSGVO Widerspruch gegen die \nVerarbeitung Ihrer personenbezogenen Daten einzulegen, soweit daf\u00fcr \nGr\u00fcnde vorliegen, die sich aus Ihrer besonderen Situation ergeben oder \nsich der Widerspruch gegen Direktwerbung richtet. Im letzteren Fall \nhaben Sie ein generelles Widerspruchsrecht, das ohne Angabe einer \nbesonderen Situation von uns umgesetzt wird.<\/p>\n\n\n\n<p>M\u00f6chten Sie von Ihrem Widerrufs- oder Widerspruchsrecht Gebrauch machen, gen\u00fcgt eine E-Mail an atrapp@ra-trapp.de.<\/p>\n\n\n\n<h5>6. Aktualit\u00e4t und \u00c4nderung dieser Datenschutzerkl\u00e4rung<\/h5>\n\n\n\n<p>Diese Datenschutzerkl\u00e4rung ist aktuell g\u00fcltig und hat den Stand Dezember 2019.<\/p>\n\n\n\n<p>Durch die Weiterentwicklung unserer Website und Angebote dar\u00fcber oder\n aufgrund ge\u00e4nderter gesetzlicher beziehungsweise beh\u00f6rdlicher Vorgaben \nkann es notwendig werden, diese Datenschutzerkl\u00e4rung zu \u00e4ndern. Die \njeweils aktuelle Datenschutzerkl\u00e4rung kann jederzeit auf der Website von\n Ihnen abgerufen und ausgedruckt werden.<\/p>\n","protected":false},"excerpt":{"rendered":"<p>1. Name und Kontaktdaten des f\u00fcr die Verarbeitung Verantwortlichen sowie des betrieblichen Datenschutzbeauftragten Diese Datenschutz-Information gilt f\u00fcr die Datenverarbeitung durch Andreas Trapp, Rechtsanwalt (Verantwortlicher). In der Kanzlei sind weniger als 10 Personen besch\u00e4ftigt. Ein Datenschutzbeauftragter ist daher nicht notwendig und ist nicht bestellt. 2. Erhebung und Speicherung personenbezogener Daten sowie Art und Zweck von deren <a class=\"more-link\" href=\"https:\/\/www.ra-trapp.com\/index.php\/datenschutzerklaerung\/\">weiterlesen&#8230;<\/a><\/p>\n","protected":false},"author":1,"featured_media":0,"parent":0,"menu_order":0,"comment_status":"closed","ping_status":"closed","template":"","meta":{"inline_featured_image":false},"_links":{"self":[{"href":"https:\/\/www.ra-trapp.com\/index.php\/wp-json\/wp\/v2\/pages\/289"}],"collection":[{"href":"https:\/\/www.ra-trapp.com\/index.php\/wp-json\/wp\/v2\/pages"}],"about":[{"href":"https:\/\/www.ra-trapp.com\/index.php\/wp-json\/wp\/v2\/types\/page"}],"author":[{"embeddable":true,"href":"https:\/\/www.ra-trapp.com\/index.php\/wp-json\/wp\/v2\/users\/1"}],"replies":[{"embeddable":true,"href":"https:\/\/www.ra-trapp.com\/index.php\/wp-json\/wp\/v2\/comments?post=289"}],"version-history":[{"count":5,"href":"https:\/\/www.ra-trapp.com\/index.php\/wp-json\/wp\/v2\/pages\/289\/revisions"}],"predecessor-version":[{"id":303,"href":"https:\/\/www.ra-trapp.com\/index.php\/wp-json\/wp\/v2\/pages\/289\/revisions\/303"}],"wp:attachment":[{"href":"https:\/\/www.ra-trapp.com\/index.php\/wp-json\/wp\/v2\/media?parent=289"}],"curies":[{"name":"wp","href":"https:\/\/api.w.org\/{rel}","templated":true}]}}