{"id":292,"date":"2019-12-03T16:25:51","date_gmt":"2019-12-03T15:25:51","guid":{"rendered":"http:\/\/www.ra-trapp.com\/?page_id=292"},"modified":"2024-10-14T09:12:14","modified_gmt":"2024-10-14T07:12:14","slug":"impressum","status":"publish","type":"page","link":"https:\/\/www.ra-trapp.com\/index.php\/impressum\/","title":{"rendered":"Impressum"},"content":{"rendered":"\n<h3>Anbieterinformation<\/h3>\n\n\n\n<p>Anbieter der Website www.ra-trapp.com ist Rechtsanwalt Andreas Trapp, Lindental 48b, 94032 Passau.<\/p>\n\n\n\n<p>Telefon: +49 (0) 851 2093 1314<br>Fax: +49 (0) 851 2093 1315<br> E-Mail: <a href=\"mailto:atrapp@ra-trapp.de\">atrapp@ra-trapp.de<\/a><\/p>\n\n\n\n<h3>Berufshaftpflichtversicherung<\/h3>\n\n\n\n<p>Es besteht eine  Berufshaftpflichtversicherung f\u00fcr Verm\u00f6genssch\u00e4den bis zu einer H\u00f6he von 250.000 \u20ac. R\u00e4umlicher Geltungsbereich: im gesamten EU\u2010Gebiet und den Staaten des Abkommens \u00fcber  den Europ\u00e4ischen Wirtschaftsraum.<\/p>\n\n\n\n<h3>Zulassung\/Berufsbezeichnung\/Berufsrechtliche Regelungen<\/h3>\n\n\n\n<p><a href=\"http:\/\/www.brak.de\/seiten\/06.php\"><\/a>Rechtsanwalt Andreas Trapp geh\u00f6rt der <a rel=\"noreferrer noopener\" href=\"https:\/\/rak-muenchen.de\/\" target=\"_blank\">Rechtsanwaltskammer M\u00fcnchen<\/a> an.<\/p>\n\n\n\n<p>Die \nma\u00dfgeblichen berufsrechtlichen Regelungen sind die \nBundesrechtsanwaltsordnung (BRAO), die Berufsordnung f\u00fcr Rechtsanw\u00e4lte \n(BORA), das Rechtsanwaltsverg\u00fctungsgesetz (RVG), die Fachanwaltsordnung,\n die Berufsregeln der Rechtsanw\u00e4lte der Europ\u00e4ischen Gemeinschaft, das \nGesetz \u00fcber die T\u00e4tigkeit europ\u00e4ischer Rechtsanw\u00e4lte (EuRAG).<\/p>\n\n\n\n<p>Alle Regelungen sind abrufbar \u00fcber die <a href=\"http:\/\/www.brak.de\/seiten\/06.php\">Website der Bundesrechtsanwaltskammer.<\/a><\/p>\n\n\n\n<p>Die Wahrnehmung widerstreitender Interessen  ist Rechtsanw\u00e4lten aufgrund berufsrechtlicher Regelungen untersagt (\u00a7 43a Abs. 4 BRAO). Vor  Annahme eines Mandates wird deshalb immer  gepr\u00fcft, ob ein Interessenkonflikt vorliegt.<\/p>\n\n\n\n<h3>Online-Streitbeilegungsplattform und Verbraucherstreitbeilegung:<\/h3>\n\n\n\n<p>Die Europ\u00e4ische Kommission stellt eine Plattform zur Online-Streitbeilegung bereit, die Sie unter&nbsp;<a rel=\"noreferrer noopener\" href=\"http:\/\/ec.europa.eu\/consumers\/odr\/\" target=\"_blank\">http:\/\/ec.europa.eu\/consumers\/odr\/<\/a>finden.<\/p>\n\n\n\n<p>Rechtsanwalt Andreas Trapp nimmt nicht an Streitbeilegungsverfahren vor einer Verbraucherschlichtungsstelle teil.<\/p>\n\n\n\n<p>Bei Streitigkeiten zwischen Rechtsanw\u00e4lten und ihren Auftraggebern besteht auf Antrag die M\u00f6glichkeit der au\u00dfergerichtlichen Streitschlichtung bei der regionalen Rechtsanwaltskammer M\u00fcnchen (gem\u00e4\u00df \u00a7 73 Abs. 2 Nr. 3 i.V.m. \u00a7 73 Abs. 5 BRAO) oder bei der Schlichtungsstelle der Rechtsanwaltschaft (\u00a7 191f BRAO) bei der Bundesrechtsanwaltskammer, im Internet zu finden \u00fcber die <a href=\"http:\/\/www.brak.de\">Homepage der Bundesrechtsanwaltskammer<\/a>. E\u2010Mail: schlichtungsstelle@brak.de.<\/p>\n","protected":false},"excerpt":{"rendered":"<p>Anbieterinformation Anbieter der Website www.ra-trapp.com ist Rechtsanwalt Andreas Trapp, Lindental 48b, 94032 Passau. Telefon: +49 (0) 851 2093 1314Fax: +49 (0) 851 2093 1315 E-Mail: atrapp@ra-trapp.de Berufshaftpflichtversicherung Es besteht eine Berufshaftpflichtversicherung f\u00fcr Verm\u00f6genssch\u00e4den bis zu einer H\u00f6he von 250.000 \u20ac. R\u00e4umlicher Geltungsbereich: im gesamten EU\u2010Gebiet und den Staaten des Abkommens \u00fcber den Europ\u00e4ischen Wirtschaftsraum. Zulassung\/Berufsbezeichnung\/Berufsrechtliche <a class=\"more-link\" href=\"https:\/\/www.ra-trapp.com\/index.php\/impressum\/\">weiterlesen&#8230;<\/a><\/p>\n","protected":false},"author":1,"featured_media":0,"parent":0,"menu_order":0,"comment_status":"closed","ping_status":"closed","template":"","meta":{"inline_featured_image":false},"_links":{"self":[{"href":"https:\/\/www.ra-trapp.com\/index.php\/wp-json\/wp\/v2\/pages\/292"}],"collection":[{"href":"https:\/\/www.ra-trapp.com\/index.php\/wp-json\/wp\/v2\/pages"}],"about":[{"href":"https:\/\/www.ra-trapp.com\/index.php\/wp-json\/wp\/v2\/types\/page"}],"author":[{"embeddable":true,"href":"https:\/\/www.ra-trapp.com\/index.php\/wp-json\/wp\/v2\/users\/1"}],"replies":[{"embeddable":true,"href":"https:\/\/www.ra-trapp.com\/index.php\/wp-json\/wp\/v2\/comments?post=292"}],"version-history":[{"count":11,"href":"https:\/\/www.ra-trapp.com\/index.php\/wp-json\/wp\/v2\/pages\/292\/revisions"}],"predecessor-version":[{"id":683,"href":"https:\/\/www.ra-trapp.com\/index.php\/wp-json\/wp\/v2\/pages\/292\/revisions\/683"}],"wp:attachment":[{"href":"https:\/\/www.ra-trapp.com\/index.php\/wp-json\/wp\/v2\/media?parent=292"}],"curies":[{"name":"wp","href":"https:\/\/api.w.org\/{rel}","templated":true}]}}