{"id":41,"date":"2019-11-03T15:04:53","date_gmt":"2019-11-03T14:04:53","guid":{"rendered":"http:\/\/ra-trapp.com\/?page_id=41"},"modified":"2019-12-05T12:16:25","modified_gmt":"2019-12-05T11:16:25","slug":"governance","status":"publish","type":"page","link":"https:\/\/www.ra-trapp.com\/index.php\/governance\/","title":{"rendered":"Governance"},"content":{"rendered":"\n<p>Governance ist die Binnenorganisation des Unternehmens, die die Verwirklichung der Compliance Ziele unterst\u00fctzt.<\/p>\n\n\n\n<p>Compliance kommt nicht ohne Governance aus. Werden hier die Weichen falsch gestellt, ist der Misserfolg vorprogrammiert.<\/p>\n\n\n\n<p>Anders als Compliance, ist Governance schwer zu definieren. Wenn von Governance gesprochen wird, kann alles m\u00f6gliche gemeint sein. Daher lege ich hier die Definition des <a href=\"https:\/\/www.imf.org\/en\/Publications\/WP\/Issues\/2018\/08\/02\/A-Behavioral-Approach-to-Financial-Supervision-Regulation-and-Central-Banking-46146\">IWF<\/a> zugrunde:<\/p>\n\n\n\n<blockquote class=\"wp-block-quote\"><p>Corporate Governance ist die Gesamtheit der Beziehungen zwischen dem Management eines Unternehmens, dem Aufsichtsorgan, den Eigent\u00fcmern und anderen Anspruchsgruppen.<\/p><p>Corporate Governance bildet die Form zur Festlegung der Unternehmenziele, zur Bereitstellung der Mittel um diese zu erreichen und zur Bewertung der Leistung.<\/p><p>Corporate Governance setzt die Anreize f\u00fcr das Aufsichtsorgan und das Management die Interessen des Unternehmens und seiner Eigent\u00fcmer zu verfolgen und erm\u00f6glicht eine effektive \u00dcberwachung.<\/p><p>Nicht zuletzt erzeugt eine effektive Corporate Governance das Ma\u00df an Vertrauen, das zum guten Funktionieren einer Marktwirtschaft n\u00f6tig ist.<\/p><cite>Ashraf Khan, A Behavioral Approach to Financial Supervision, Regulation, and Central Banking (2018), S. 35.<\/cite><\/blockquote>\n\n\n\n<p>Good Corporate Governance ist ein Modell f\u00fcr wert(e)orientierten Unternehmensf\u00fchrung. Es geht darum, Wert(e) zu sch\u00fctzen und nachhaltig Wert(e) zu schaffen. Der <a href=\"https:\/\/www.dcgk.de\/de\/kodex\/aktuelle-fassung\/praeambel.html\">deutsche Corporate Governance Kodex,<\/a> mit seinem vorherrschenden Prinzip &#8222;comply or explain&#8220;, kann als Best-Practice auch vom Mittelstand adaptiert werden.<\/p>\n","protected":false},"excerpt":{"rendered":"<p>Governance ist die Binnenorganisation des Unternehmens, die die Verwirklichung der Compliance Ziele unterst\u00fctzt. Compliance kommt nicht ohne Governance aus. Werden hier die Weichen falsch gestellt, ist der Misserfolg vorprogrammiert. Anders als Compliance, ist Governance schwer zu definieren. Wenn von Governance gesprochen wird, kann alles m\u00f6gliche gemeint sein. Daher lege ich hier die Definition des IWF <a class=\"more-link\" href=\"https:\/\/www.ra-trapp.com\/index.php\/governance\/\">weiterlesen&#8230;<\/a><\/p>\n","protected":false},"author":1,"featured_media":0,"parent":0,"menu_order":0,"comment_status":"closed","ping_status":"closed","template":"","meta":{"inline_featured_image":false},"_links":{"self":[{"href":"https:\/\/www.ra-trapp.com\/index.php\/wp-json\/wp\/v2\/pages\/41"}],"collection":[{"href":"https:\/\/www.ra-trapp.com\/index.php\/wp-json\/wp\/v2\/pages"}],"about":[{"href":"https:\/\/www.ra-trapp.com\/index.php\/wp-json\/wp\/v2\/types\/page"}],"author":[{"embeddable":true,"href":"https:\/\/www.ra-trapp.com\/index.php\/wp-json\/wp\/v2\/users\/1"}],"replies":[{"embeddable":true,"href":"https:\/\/www.ra-trapp.com\/index.php\/wp-json\/wp\/v2\/comments?post=41"}],"version-history":[{"count":9,"href":"https:\/\/www.ra-trapp.com\/index.php\/wp-json\/wp\/v2\/pages\/41\/revisions"}],"predecessor-version":[{"id":341,"href":"https:\/\/www.ra-trapp.com\/index.php\/wp-json\/wp\/v2\/pages\/41\/revisions\/341"}],"wp:attachment":[{"href":"https:\/\/www.ra-trapp.com\/index.php\/wp-json\/wp\/v2\/media?parent=41"}],"curies":[{"name":"wp","href":"https:\/\/api.w.org\/{rel}","templated":true}]}}