{"id":76,"date":"2019-11-03T16:37:05","date_gmt":"2019-11-03T15:37:05","guid":{"rendered":"http:\/\/ra-trapp.com\/?page_id=76"},"modified":"2019-12-04T17:36:48","modified_gmt":"2019-12-04T16:36:48","slug":"ziele","status":"publish","type":"page","link":"https:\/\/www.ra-trapp.com\/index.php\/ziele\/","title":{"rendered":"Ziele"},"content":{"rendered":"\n<p><\/p>\n\n\n\n<p>Ziele sind wichtig: zur Fokussierung!<\/p>\n\n\n\n<p>Das Ziel ist Compliance. Klar.<\/p>\n\n\n\n<p>Das ist der Zustand, in dem die Organisation und ihre Mitarbeiter das geltende Recht einh\u00e4lt.<\/p>\n\n\n\n<p>Trotzdem: Es macht einen Unterschied, ob ein Mitarbeiter in seiner Mittagspause, au\u00dferhalb des gekennzeichneten Raucherbereichs raucht, oder ob bei der Akquise einen Amtstr\u00e4ger besticht.<\/p>\n\n\n\n<p>Durch explizite Festlegung von Compliance-Zielen wird Compliance messbar. Klassische Ziele sind:<\/p>\n\n\n\n<ul><li>Einhaltung des Kartellrechts,<\/li><li>Korruptionspr\u00e4vention,<\/li><li>Pr\u00e4vention von Geldw\u00e4sche, Terrorismusfinanzierung und Embargoverst\u00f6\u00dfen,<\/li><li>Verhinderung von Marktmanipulation,<\/li><li>Einhaltung des Wertpapierhandelsrechts und<\/li><li>Datenschutz.<\/li><\/ul>\n\n\n\n<p>Die verbindliche Vorgabe von Zielen ist wichtig, um ein selbst lernendes Compliance-Management-System zu erm\u00f6glichen.<\/p>\n","protected":false},"excerpt":{"rendered":"<p>Ziele sind wichtig: zur Fokussierung! Das Ziel ist Compliance. Klar. Das ist der Zustand, in dem die Organisation und ihre Mitarbeiter das geltende Recht einh\u00e4lt. Trotzdem: Es macht einen Unterschied, ob ein Mitarbeiter in seiner Mittagspause, au\u00dferhalb des gekennzeichneten Raucherbereichs raucht, oder ob bei der Akquise einen Amtstr\u00e4ger besticht. Durch explizite Festlegung von Compliance-Zielen wird <a class=\"more-link\" href=\"https:\/\/www.ra-trapp.com\/index.php\/ziele\/\">weiterlesen&#8230;<\/a><\/p>\n","protected":false},"author":1,"featured_media":0,"parent":0,"menu_order":0,"comment_status":"closed","ping_status":"closed","template":"","meta":{"inline_featured_image":false},"_links":{"self":[{"href":"https:\/\/www.ra-trapp.com\/index.php\/wp-json\/wp\/v2\/pages\/76"}],"collection":[{"href":"https:\/\/www.ra-trapp.com\/index.php\/wp-json\/wp\/v2\/pages"}],"about":[{"href":"https:\/\/www.ra-trapp.com\/index.php\/wp-json\/wp\/v2\/types\/page"}],"author":[{"embeddable":true,"href":"https:\/\/www.ra-trapp.com\/index.php\/wp-json\/wp\/v2\/users\/1"}],"replies":[{"embeddable":true,"href":"https:\/\/www.ra-trapp.com\/index.php\/wp-json\/wp\/v2\/comments?post=76"}],"version-history":[{"count":6,"href":"https:\/\/www.ra-trapp.com\/index.php\/wp-json\/wp\/v2\/pages\/76\/revisions"}],"predecessor-version":[{"id":337,"href":"https:\/\/www.ra-trapp.com\/index.php\/wp-json\/wp\/v2\/pages\/76\/revisions\/337"}],"wp:attachment":[{"href":"https:\/\/www.ra-trapp.com\/index.php\/wp-json\/wp\/v2\/media?parent=76"}],"curies":[{"name":"wp","href":"https:\/\/api.w.org\/{rel}","templated":true}]}}